{"id":167029,"date":"2023-06-15T15:31:14","date_gmt":"2023-06-15T13:31:14","guid":{"rendered":"https:\/\/www.groupe-lauak.com\/?page_id=167029"},"modified":"2026-03-16T11:33:35","modified_gmt":"2026-03-16T10:33:35","slug":"hot-forming","status":"publish","type":"page","link":"https:\/\/www.wiprolauak.com\/en\/our-activities\/hot-forming\/","title":{"rendered":"Hot Forming"},"content":{"rendered":"<div class=\"wpb-content-wrapper\"><p>[vc_row content_placement=&#8221;middle&#8221;][vc_column width=&#8221;1\/12&#8243; offset=&#8221;vc_col-lg-2 vc_hidden-xs&#8221;][\/vc_column][vc_column width=&#8221;5\/6&#8243; offset=&#8221;vc_col-lg-8&#8243;][vc_column_text css=&#8221;&#8221;]<\/p>\n<p style=\"text-align: center;\" data-mce-style=\"text-align: center;\">WIPRO LAUAK is <span lang=\"EN-US\">equipped since 2018 with several&nbsp;<strong>Hot Forming (HF) and Superplastic Forming (SPF) presses<\/strong>&nbsp;with Maximum strength 800 T and platen size up to 1.8mx1.5m.&nbsp;<\/span><span lang=\"EN\">This technology allows the production of titanium parts with complex shapes that require significant elongations and guarantee very high mechanical performances for an optimized final weight.<\/span><\/p>\n<p>[\/vc_column_text][vc_single_image image=&#8221;199651&#8243; img_size=&#8221;large&#8221; alignment=&#8221;center&#8221; css=&#8221;&#8221;][\/vc_column][vc_column width=&#8221;1\/12&#8243; offset=&#8221;vc_col-lg-2 vc_hidden-xs&#8221;][\/vc_column][\/vc_row][vc_row][vc_column width=&#8221;1\/2&#8243;]<div class=\"ult-content-box-container \" >\t\t<div class=\"ult-content-box\" style=\"background-color:#342255;box-shadow: px px px px none;min-height:60px;-webkit-transition: all 700ms ease;-moz-transition: all 700ms ease;-ms-transition: all 700ms ease;-o-transition: all 700ms ease;transition: all 700ms ease;\"  data-hover_box_shadow=\"none\"     data-bg=\"#342255\" >[vc_column_text css=&#8221;.vc_custom_1771319416000{padding-top: 4vh !important;padding-bottom: 4vh !important;}&#8221;]<\/p>\n<h2 style=\"text-align: center; color: #ffffff;\">MEANS<\/h2>\n<p>[\/vc_column_text]\t\t<\/div><\/div><div class=\"ult-content-box-container box-shadow\" >\t\t<div class=\"ult-content-box\" style=\"background-color:#ffffff;box-shadow: px px px px none;-webkit-transition: all 700ms ease;-moz-transition: all 700ms ease;-ms-transition: all 700ms ease;-o-transition: all 700ms ease;transition: all 700ms ease;\"  data-hover_box_shadow=\"none\"     data-bg=\"#ffffff\" >[vc_empty_space][vc_column_text css=&#8221;.vc_custom_1771330987240{padding-left: 2vw !important;}&#8221;]<\/p>\n<ul>\n<li>2-axes and 5-axes lasers trimming machine<\/li>\n<li>3 presses capable for HF* and SPF**<\/li>\n<li>Tool preheating oven<\/li>\n<li>Counterskin cobots<\/li>\n<\/ul>\n<p>[\/vc_column_text][vc_empty_space height=&#8221;20px&#8221;]\t\t<\/div><\/div>[\/vc_column][vc_column width=&#8221;1\/2&#8243;]<div class=\"ult-content-box-container \" >\t\t<div class=\"ult-content-box\" style=\"background-color:#342255;box-shadow: px px px px none;min-height:60px;-webkit-transition: all 700ms ease;-moz-transition: all 700ms ease;-ms-transition: all 700ms ease;-o-transition: all 700ms ease;transition: all 700ms ease;\"  data-hover_box_shadow=\"none\"     data-bg=\"#342255\" >[vc_column_text css=&#8221;.vc_custom_1771319424116{padding-top: 4vh !important;padding-bottom: 4vh !important;}&#8221;]<\/p>\n<h2 style=\"text-align: center; color: #ffffff;\" data-mce-style=\"text-align: center; color: #ffffff;\">PROCESS<\/h2>\n<p>[\/vc_column_text]\t\t<\/div><\/div><div class=\"ult-content-box-container box-shadow\" >\t\t<div class=\"ult-content-box\" style=\"background-color:#ffffff;box-shadow: px px px px none;-webkit-transition: all 700ms ease;-moz-transition: all 700ms ease;-ms-transition: all 700ms ease;-o-transition: all 700ms ease;transition: all 700ms ease;\"  data-hover_box_shadow=\"none\"     data-bg=\"#ffffff\" >[vc_empty_space][vc_column_text css=&#8221;.vc_custom_1686836590444{padding-left: 2vw !important;}&#8221;]<\/p>\n<ul>\n<li>Laser trimming<\/li>\n<li>Hot Forming*<\/li>\n<li>Superplastic Forming**<\/li>\n<\/ul>\n<p>\u23af&nbsp; From 650\u00b0 to 940\u00b0<br \/>\u23af&nbsp; Up to 800 tons max press capacity<br \/>\u23af&nbsp; Up to 1800 x 1500mm platen capacity<\/p>\n<ul>\n<li>Sub-assembling\/Fastener installations<\/li>\n<\/ul>\n<p>[\/vc_column_text][vc_empty_space height=&#8221;20px&#8221;]\t\t<\/div><\/div>[\/vc_column][\/vc_row][vc_row][vc_column]<div class=\"ult-spacer spacer-69de1fa92e4ac\" data-id=\"69de1fa92e4ac\" data-height=\"70\" data-height-mobile=\"70\" data-height-tab=\"70\" data-height-tab-portrait=\"\" data-height-mobile-landscape=\"\" style=\"clear:both;display:block;\"><\/div>[\/vc_column][\/vc_row][vc_row][vc_column width=&#8221;1\/2&#8243;]<div class=\"ult-content-box-container box-shadow\" >\t\t<div class=\"ult-content-box\" style=\"background-color:#ffffff;box-shadow: px px px px none;-webkit-transition: all 700ms ease;-moz-transition: all 700ms ease;-ms-transition: all 700ms ease;-o-transition: all 700ms ease;transition: all 700ms ease;\"  data-hover_box_shadow=\"none\"     data-bg=\"#ffffff\" >[vc_empty_space][vc_column_text css=&#8221;&#8221;]<\/p>\n<h3 style=\"text-align: center; color: #351a55;\">HF (Hot Forming)*<\/h3>\n<p>[\/vc_column_text][vc_column_text css=&#8221;.vc_custom_1687958275314{padding-left: 2vw !important;}&#8221;]<\/p>\n<p style=\"text-align: center;\">Deformation by punch\/die tooling<br \/>\nallowing elongations up to 50%<\/p>\n<p>[\/vc_column_text][vc_empty_space height=&#8221;35px&#8221;][vc_single_image image=&#8221;199596&#8243; img_size=&#8221;large&#8221; css=&#8221;&#8221;]\t\t<\/div><\/div>[\/vc_column][vc_column width=&#8221;1\/2&#8243;]<div class=\"ult-content-box-container box-shadow\" >\t\t<div class=\"ult-content-box\" style=\"background-color:#ffffff;box-shadow: px px px px none;-webkit-transition: all 700ms ease;-moz-transition: all 700ms ease;-ms-transition: all 700ms ease;-o-transition: all 700ms ease;transition: all 700ms ease;\"  data-hover_box_shadow=\"none\"     data-bg=\"#ffffff\" >[vc_empty_space][vc_column_text css=&#8221;&#8221;]<\/p>\n<h3 style=\"text-align: center; color: #351a55;\">SPF (Superplastic Forming)**<\/h3>\n<p>[\/vc_column_text][vc_column_text css=&#8221;.vc_custom_1687958318231{padding-left: 2vw !important;}&#8221;]<\/p>\n<p style=\"text-align: center;\">Deformation by dies and stamping<br \/>\nby gas punch (Argon intert gas)<br \/>\nallowing elongations up to 500%<\/p>\n<p>[\/vc_column_text][vc_single_image image=&#8221;199598&#8243; img_size=&#8221;large&#8221; css=&#8221;&#8221;]\t\t<\/div><\/div>[\/vc_column][\/vc_row][vc_row][vc_column width=&#8221;1\/6&#8243;][\/vc_column][vc_column width=&#8221;2\/3&#8243;]<div class=\"ult-spacer spacer-69de1fa92e57c\" data-id=\"69de1fa92e57c\" data-height=\"35\" data-height-mobile=\"35\" data-height-tab=\"35\" data-height-tab-portrait=\"\" data-height-mobile-landscape=\"\" style=\"clear:both;display:block;\"><\/div>[vc_column_text]<\/p>\n<h2 style=\"text-align: center;\">PRODUCTS<\/h2>\n<p>[\/vc_column_text]<div class=\"ult-spacer spacer-69de1fa92e5b8\" data-id=\"69de1fa92e5b8\" data-height=\"35\" data-height-mobile=\"35\" data-height-tab=\"35\" data-height-tab-portrait=\"\" data-height-mobile-landscape=\"\" style=\"clear:both;display:block;\"><\/div>[\/vc_column][vc_column width=&#8221;1\/6&#8243;][\/vc_column][\/vc_row][vc_section content_placement=&#8221;middle&#8221; el_class=&#8221;vignettes&#8221;][vc_row equal_height=&#8221;yes&#8221; content_placement=&#8221;middle&#8221; css=&#8221;.vc_custom_1560419943071{margin-bottom: 30px !important;}&#8221;][vc_column width=&#8221;1\/2&#8243; offset=&#8221;vc_col-xs-6&#8243;][vc_single_image image=&#8221;199586&#8243; img_size=&#8221;large&#8221; alignment=&#8221;center&#8221; css=&#8221;&#8221;][vc_column_text css=&#8221;&#8221;]<\/p>\n<h3 style=\"text-align: center;\"><strong>Waste water<br \/>\nservice pannel<\/strong><\/h3>\n<p><\/p>\n<p style=\"text-align: center;\">A350<br \/>\nAIRBUS<\/p>\n<p>[\/vc_column_text][\/vc_column][vc_column width=&#8221;1\/2&#8243; offset=&#8221;vc_col-xs-6&#8243;][vc_single_image image=&#8221;199588&#8243; img_size=&#8221;large&#8221; alignment=&#8221;center&#8221; css=&#8221;&#8221;][vc_column_text css=&#8221;&#8221;]<\/p>\n<h3 style=\"text-align: center;\"><strong>Heat exchanger cover<\/strong><\/h3>\n<p><\/p>\n<p style=\"text-align: center;\">A320<br \/>\nAIRBUS<\/p>\n<p>[\/vc_column_text][\/vc_column][\/vc_row][vc_row equal_height=&#8221;yes&#8221; content_placement=&#8221;middle&#8221; css=&#8221;.vc_custom_1560419943071{margin-bottom: 30px !important;}&#8221;][vc_column width=&#8221;1\/2&#8243; offset=&#8221;vc_col-xs-6&#8243;][vc_single_image image=&#8221;199584&#8243; img_size=&#8221;large&#8221; alignment=&#8221;center&#8221; css=&#8221;&#8221;][vc_column_text css=&#8221;&#8221;]<\/p>\n<h3 style=\"text-align: center;\"><strong>Exhaust duct precooler<\/strong><\/h3>\n<p><\/p>\n<p style=\"text-align: center;\">G280<br \/>\nIAI<\/p>\n<p>[\/vc_column_text][\/vc_column][vc_column width=&#8221;1\/2&#8243; offset=&#8221;vc_col-xs-6&#8243;][vc_single_image image=&#8221;199600&#8243; img_size=&#8221;large&#8221; alignment=&#8221;center&#8221; css=&#8221;&#8221;][vc_column_text css=&#8221;&#8221;]<\/p>\n<h3 style=\"text-align: center;\"><strong>Skin upper assy<\/strong><\/h3>\n<p><\/p>\n<p style=\"text-align: center;\">A320<br \/>\nAIRBUS<\/p>\n<p>[\/vc_column_text][\/vc_column][\/vc_row][vc_row equal_height=&#8221;yes&#8221; content_placement=&#8221;middle&#8221; css=&#8221;.vc_custom_1560419943071{margin-bottom: 30px !important;}&#8221;][vc_column width=&#8221;1\/2&#8243; offset=&#8221;vc_col-xs-6&#8243;][vc_single_image image=&#8221;199592&#8243; img_size=&#8221;large&#8221; alignment=&#8221;center&#8221; css=&#8221;&#8221;][vc_column_text css=&#8221;&#8221;]<\/p>\n<h3 style=\"text-align: center;\"><strong>Lower corner<\/strong><\/h3>\n<p><\/p>\n<p style=\"text-align: center;\">A320<br \/>\nAIRBUS<\/p>\n<p>[\/vc_column_text][\/vc_column][vc_column width=&#8221;1\/2&#8243; offset=&#8221;vc_col-xs-6&#8243;][vc_single_image image=&#8221;199590&#8243; img_size=&#8221;large&#8221; alignment=&#8221;center&#8221; css=&#8221;&#8221;][vc_column_text css=&#8221;&#8221;]<\/p>\n<h3 style=\"text-align: center;\"><strong>Fairing oil sump bearing<\/strong><\/h3>\n<p><\/p>\n<p style=\"text-align: center;\">M88<br \/>\nSAFRAN AICRAFT ENGINES<\/p>\n<p>[\/vc_column_text][\/vc_column][\/vc_row][vc_row equal_height=&#8221;yes&#8221; content_placement=&#8221;middle&#8221; css=&#8221;.vc_custom_1560419943071{margin-bottom: 30px !important;}&#8221;][vc_column width=&#8221;1\/2&#8243; offset=&#8221;vc_col-xs-6&#8243;][vc_single_image image=&#8221;199594&#8243; img_size=&#8221;large&#8221; alignment=&#8221;center&#8221; css=&#8221;&#8221;][vc_column_text css=&#8221;&#8221;]<\/p>\n<h3 style=\"text-align: center;\"><strong>Upper corner<\/strong><\/h3>\n<p><\/p>\n<p style=\"text-align: center;\">A320<br \/>\nAIRBUS<\/p>\n<p>[\/vc_column_text][\/vc_column][\/vc_row][\/vc_section]<\/p>\n<\/div>","protected":false},"excerpt":{"rendered":"<p>[vc_row content_placement=&#8221;middle&#8221;][vc_column width=&#8221;1\/12&#8243; offset=&#8221;vc_col-lg-2 vc_hidden-xs&#8221;][\/vc_column][vc_column width=&#8221;5\/6&#8243; offset=&#8221;vc_col-lg-8&#8243;][vc_column_text css=&#8221;&#8221;] WIPRO LAUAK is equipped since 2018 with [&hellip;]<\/p>\n","protected":false},"author":8,"featured_media":199230,"parent":3254,"menu_order":2,"comment_status":"closed","ping_status":"closed","template":"","meta":{"_acf_changed":false,"_seopress_robots_primary_cat":"","_seopress_titles_title":"Formage \u00e0 chaud - Formage Hot Forming et Superplastic Forming - WIPRO LAUAK","_seopress_titles_desc":"Fabrication de pi\u00e8ces en titane de formes complexes gr\u00e2ce \u00e0 des presses de Formage \u00e0 Chaud (Hot Forming) et au Formage Super Plastique permettant d'importants allongements","_seopress_robots_index":"","inline_featured_image":false,"footnotes":""},"class_list":["post-167029","page","type-page","status-publish","has-post-thumbnail","hentry"],"acf":[],"_links":{"self":[{"href":"https:\/\/www.wiprolauak.com\/en\/wp-json\/wp\/v2\/pages\/167029","targetHints":{"allow":["GET"]}}],"collection":[{"href":"https:\/\/www.wiprolauak.com\/en\/wp-json\/wp\/v2\/pages"}],"about":[{"href":"https:\/\/www.wiprolauak.com\/en\/wp-json\/wp\/v2\/types\/page"}],"author":[{"embeddable":true,"href":"https:\/\/www.wiprolauak.com\/en\/wp-json\/wp\/v2\/users\/8"}],"replies":[{"embeddable":true,"href":"https:\/\/www.wiprolauak.com\/en\/wp-json\/wp\/v2\/comments?post=167029"}],"version-history":[{"count":39,"href":"https:\/\/www.wiprolauak.com\/en\/wp-json\/wp\/v2\/pages\/167029\/revisions"}],"predecessor-version":[{"id":200412,"href":"https:\/\/www.wiprolauak.com\/en\/wp-json\/wp\/v2\/pages\/167029\/revisions\/200412"}],"up":[{"embeddable":true,"href":"https:\/\/www.wiprolauak.com\/en\/wp-json\/wp\/v2\/pages\/3254"}],"wp:featuredmedia":[{"embeddable":true,"href":"https:\/\/www.wiprolauak.com\/en\/wp-json\/wp\/v2\/media\/199230"}],"wp:attachment":[{"href":"https:\/\/www.wiprolauak.com\/en\/wp-json\/wp\/v2\/media?parent=167029"}],"curies":[{"name":"wp","href":"https:\/\/api.w.org\/{rel}","templated":true}]}}