{"id":168043,"date":"2023-07-17T14:12:02","date_gmt":"2023-07-17T12:12:02","guid":{"rendered":"https:\/\/www.groupe-lauak.com\/?page_id=168043"},"modified":"2026-03-16T11:37:29","modified_gmt":"2026-03-16T10:37:29","slug":"our-jobs","status":"publish","type":"page","link":"https:\/\/www.wiprolauak.com\/en\/our-jobs\/","title":{"rendered":"Our jobs"},"content":{"rendered":"<div class=\"wpb-content-wrapper\"><p>[vc_row][vc_column width=&#8221;1\/6&#8243;][\/vc_column][vc_column width=&#8221;2\/3&#8243;][vc_column_text]<\/p>\n<h2 style=\"text-align: center;\" data-mce-style=\"text-align: center;\">DISCOVER OUR JOBS<\/h2>\n<p>[\/vc_column_text][vc_column_text css=&#8221;&#8221;]<\/p>\n<p style=\"text-align: center;\" data-mce-style=\"text-align: center;\">WIPRO LAUAK, with its various locations, <strong>offers a wide range of careers<\/strong>&nbsp;in the following fields :<\/p>\n<p>[\/vc_column_text][\/vc_column][vc_column width=&#8221;1\/6&#8243;][\/vc_column][\/vc_row][vc_row][vc_column]<\/p>\n<p>[vc_empty_space]<\/p>\n<p>[\/vc_column][\/vc_row][vc_row][vc_column width=&#8221;1\/3&#8243;][vc_single_image image=&#8221;200017&#8243; img_size=&#8221;large&#8221; css=&#8221;.vc_custom_1772804147896{margin-bottom: 0px !important;border-bottom-width: 0px !important;padding-bottom: 0px !important;}&#8221;][vc_column_text css=&#8221;.vc_custom_1771313409123{padding-top: 2vh !important;padding-bottom: 2vh !important;background-color: #342255 !important;}&#8221; el_class=&#8221;metier&#8221;]<\/p>\n<h3 style=\"text-align: center; color: white;\" data-mce-style=\"text-align: center; color: white;\">PRODUCTION<\/h3>\n<p>[\/vc_column_text][vc_column_text]<\/p>\n<p style=\"text-align: center;\" data-mce-style=\"text-align: center;\">Production of primary parts, sub-assemblies and aeronautical assemblies. Compliance with objectives, costs, quality and deadlines to meet customer needs, while demonstrating flexibility and responsiveness.<\/p>\n<p>[\/vc_column_text][\/vc_column][vc_column width=&#8221;1\/3&#8243;][vc_single_image image=&#8221;200011&#8243; img_size=&#8221;large&#8221; css=&#8221;.vc_custom_1772804159984{margin-bottom: 0px !important;border-bottom-width: 0px !important;padding-bottom: 0px !important;}&#8221;][vc_column_text css=&#8221;.vc_custom_1771313506814{padding-top: 2vh !important;padding-bottom: 2vh !important;background-color: #342255 !important;}&#8221; el_class=&#8221;metier&#8221;]<\/p>\n<h3 style=\"text-align: center; color: white;\">SUPPLY CHAIN &#038; LOGISTICS<\/h3>\n<p>[\/vc_column_text][vc_column_text]<\/p>\n<p style=\"text-align: center;\" data-mce-style=\"text-align: center;\">Planning, procurement and monitoring of production to deliver to our customers with defined service levels, inventory levels and work-in-progress.<\/p>\n<p>[\/vc_column_text][\/vc_column][vc_column width=&#8221;1\/3&#8243;][vc_single_image image=&#8221;200015&#8243; img_size=&#8221;large&#8221; css=&#8221;.vc_custom_1772804344536{margin-bottom: 0px !important;border-bottom-width: 0px !important;padding-bottom: 0px !important;}&#8221;][vc_column_text css=&#8221;.vc_custom_1772442899225{padding-top: 2vh !important;padding-bottom: 2vh !important;background-color: #342255 !important;}&#8221; el_class=&#8221;metier&#8221;]<\/p>\n<h3 style=\"text-align: center; color: white;\" data-mce-style=\"text-align: center; color: white;\">TECHNICAL &amp; PROJETS<\/h3>\n<p>[\/vc_column_text][vc_column_text]<\/p>\n<p style=\"text-align: center;\" data-mce-style=\"text-align: center;\">Provide a technical file (documents, resources, programs, etc.) to ensure that production complies with our customers\u2019 requirements (cost, quality and lead times) and respects industrialization budgets.<\/p>\n<p>[\/vc_column_text][\/vc_column][\/vc_row][vc_row][vc_column]<\/p>\n<p>[vc_empty_space]<\/p>\n<p>[\/vc_column][\/vc_row][vc_row][vc_column width=&#8221;1\/3&#8243;][vc_single_image image=&#8221;200013&#8243; img_size=&#8221;large&#8221; css=&#8221;.vc_custom_1772804363852{margin-bottom: 0px !important;border-bottom-width: 0px !important;padding-bottom: 0px !important;}&#8221;][vc_column_text css=&#8221;.vc_custom_1771313519026{padding-top: 2vh !important;padding-bottom: 2vh !important;background-color: #342255 !important;}&#8221; el_class=&#8221;metier&#8221;]<\/p>\n<h3 style=\"text-align: center; color: white;\">QUALITY<\/h3>\n<p>[\/vc_column_text][vc_column_text]<\/p>\n<p style=\"text-align: center;\" data-mce-style=\"text-align: center;\">Plan, implement and monitor the compliance, efficiency and performance of the Quality Management System. Promote the continuous improvement dynamic and assess the effectiveness of initiated improvement actions.<\/p>\n<p>[\/vc_column_text][\/vc_column][vc_column width=&#8221;1\/3&#8243;][vc_single_image image=&#8221;200001&#8243; img_size=&#8221;large&#8221; css=&#8221;.vc_custom_1772804434059{margin-bottom: 0px !important;border-bottom-width: 0px !important;padding-bottom: 0px !important;}&#8221;][vc_column_text css=&#8221;.vc_custom_1771313528317{padding-top: 2vh !important;padding-bottom: 2vh !important;background-color: #342255 !important;}&#8221; el_class=&#8221;metier&#8221;]<\/p>\n<h3 style=\"text-align: center; color: white;\" data-mce-style=\"text-align: center; color: white;\">PURCHASING<\/h3>\n<p>[\/vc_column_text][vc_column_text]<\/p>\n<p style=\"text-align: center;\" data-mce-style=\"text-align: center;\">Comparison, selection and control of suppliers to receive supplies (material or immaterial) necessary for production and in line with specified purchasing requirements (cost, lead times, etc.).<\/p>\n<p>[\/vc_column_text][\/vc_column][vc_column width=&#8221;1\/3&#8243;][vc_single_image image=&#8221;200020&#8243; img_size=&#8221;large&#8221; css=&#8221;.vc_custom_1772804794400{margin-bottom: 0px !important;border-bottom-width: 0px !important;padding-bottom: 0px !important;}&#8221;][vc_column_text css=&#8221;.vc_custom_1772442928110{padding-top: 2vh !important;padding-bottom: 2vh !important;background-color: #342255 !important;}&#8221; el_class=&#8221;metier&#8221;]<\/p>\n<h3 style=\"text-align: center; color: white;\">ADMINISTRATION, FINANCE &#038; MANAGEMENT<\/h3>\n<p>[\/vc_column_text][vc_column_text]<\/p>\n<p style=\"text-align: center;\" data-mce-style=\"text-align: center;\">Ensure financial and accounting management to support the company\u2019s growth and achieve budgetary and financial equilibrium. Neutralize exposure to risks arising from the company\u2019s size and international location.<\/p>\n<p>[\/vc_column_text][\/vc_column][\/vc_row][vc_row][vc_column]<\/p>\n<p>[vc_empty_space]<\/p>\n<p>[\/vc_column][\/vc_row][vc_row][vc_column width=&#8221;1\/3&#8243;][vc_single_image image=&#8221;200003&#8243; img_size=&#8221;large&#8221; css=&#8221;.vc_custom_1772804209408{margin-bottom: 0px !important;border-bottom-width: 0px !important;padding-bottom: 0px !important;}&#8221;][vc_column_text css=&#8221;.vc_custom_1771313570034{padding-top: 2vh !important;padding-bottom: 2vh !important;background-color: #342255 !important;}&#8221; el_class=&#8221;metier&#8221;]<\/p>\n<h3 style=\"text-align: center; color: white;\" data-mce-style=\"text-align: center; color: white;\">SALES<\/h3>\n<p>[\/vc_column_text][vc_column_text]<\/p>\n<p style=\"text-align: center;\" data-mce-style=\"text-align: center;\">Ensure sales management, from customer prospecting to product delivery and invoicing.<\/p>\n<p>[\/vc_column_text][\/vc_column][vc_column width=&#8221;1\/3&#8243;][vc_single_image image=&#8221;200009&#8243; img_size=&#8221;large&#8221; css=&#8221;.vc_custom_1772804220442{margin-bottom: 0px !important;border-bottom-width: 0px !important;padding-bottom: 0px !important;}&#8221;][vc_column_text css=&#8221;.vc_custom_1771313581433{padding-top: 2vh !important;padding-bottom: 2vh !important;background-color: #342255 !important;}&#8221; el_class=&#8221;metier&#8221;]<\/p>\n<h3 style=\"text-align: center; color: white;\" data-mce-style=\"text-align: center; color: white;\">COMPUTING<\/h3>\n<p>[\/vc_column_text][vc_column_text]<\/p>\n<p style=\"text-align: center;\" data-mce-style=\"text-align: center;\">To provide the hardware (equipment, tools, etc.) and software (software, skills, etc.) resources required by all staff, and to maintain them in a safe and operational state.<\/p>\n<p>[\/vc_column_text][\/vc_column][vc_column width=&#8221;1\/3&#8243;][vc_single_image image=&#8221;200005&#8243; img_size=&#8221;large&#8221; css=&#8221;.vc_custom_1772804229544{margin-bottom: 0px !important;border-bottom-width: 0px !important;padding-bottom: 0px !important;}&#8221;][vc_column_text css=&#8221;.vc_custom_1771313611401{padding-top: 2vh !important;padding-bottom: 2vh !important;background-color: #342255 !important;}&#8221; el_class=&#8221;metier&#8221;]<\/p>\n<h3 style=\"text-align: center; color: white;\">COMMUNICATION, HUMAN RESOURCES<\/h3>\n<p>[\/vc_column_text][vc_column_text]<\/p>\n<p style=\"text-align: center;\" data-mce-style=\"text-align: center;\">Manage current and future human resources requirements, taking into account the company\u2019s strategic orientations and complying with the regulatory framework. Carry out internal and external communication missions.<\/p>\n<p>[\/vc_column_text][\/vc_column][\/vc_row]<\/p>\n<\/div>","protected":false},"excerpt":{"rendered":"<p>[vc_row][vc_column width=&#8221;1\/6&#8243;][\/vc_column][vc_column width=&#8221;2\/3&#8243;][vc_column_text] DISCOVER OUR JOBS [\/vc_column_text][vc_column_text css=&#8221;&#8221;] WIPRO LAUAK, with its various locations, offers [&hellip;]<\/p>\n","protected":false},"author":8,"featured_media":199240,"parent":0,"menu_order":1,"comment_status":"closed","ping_status":"closed","template":"","meta":{"_acf_changed":false,"_seopress_robots_primary_cat":"","_seopress_titles_title":"M\u00e9tiers WIPRO LAUAK : fabrication de pi\u00e8ces et sous-ensembles a\u00e9ronautiques","_seopress_titles_desc":"Production, Supply chain et logistique, Technique et projets, Qualit\u00e9, Achats, Administration, Finance et gestion, Commerce, Informatique, Communication\/Ressources humaines","_seopress_robots_index":"","inline_featured_image":false,"footnotes":""},"class_list":["post-168043","page","type-page","status-publish","has-post-thumbnail","hentry"],"acf":[],"_links":{"self":[{"href":"https:\/\/www.wiprolauak.com\/en\/wp-json\/wp\/v2\/pages\/168043","targetHints":{"allow":["GET"]}}],"collection":[{"href":"https:\/\/www.wiprolauak.com\/en\/wp-json\/wp\/v2\/pages"}],"about":[{"href":"https:\/\/www.wiprolauak.com\/en\/wp-json\/wp\/v2\/types\/page"}],"author":[{"embeddable":true,"href":"https:\/\/www.wiprolauak.com\/en\/wp-json\/wp\/v2\/users\/8"}],"replies":[{"embeddable":true,"href":"https:\/\/www.wiprolauak.com\/en\/wp-json\/wp\/v2\/comments?post=168043"}],"version-history":[{"count":25,"href":"https:\/\/www.wiprolauak.com\/en\/wp-json\/wp\/v2\/pages\/168043\/revisions"}],"predecessor-version":[{"id":200430,"href":"https:\/\/www.wiprolauak.com\/en\/wp-json\/wp\/v2\/pages\/168043\/revisions\/200430"}],"wp:featuredmedia":[{"embeddable":true,"href":"https:\/\/www.wiprolauak.com\/en\/wp-json\/wp\/v2\/media\/199240"}],"wp:attachment":[{"href":"https:\/\/www.wiprolauak.com\/en\/wp-json\/wp\/v2\/media?parent=168043"}],"curies":[{"name":"wp","href":"https:\/\/api.w.org\/{rel}","templated":true}]}}