{"id":171098,"date":"2023-08-25T11:12:27","date_gmt":"2023-08-25T09:12:27","guid":{"rendered":"https:\/\/www.groupe-lauak.com\/cookie-policy-2\/"},"modified":"2026-03-09T08:29:51","modified_gmt":"2026-03-09T07:29:51","slug":"cookie-policy","status":"publish","type":"page","link":"https:\/\/www.wiprolauak.com\/en\/cookie-policy\/","title":{"rendered":"Cookie Policy"},"content":{"rendered":"<div class=\"wpb-content-wrapper\"><p>[vc_row][vc_column][vc_column_text css=&#8221;&#8221;]When you first connect to the Site, a banner at the bottom of your screen informs you that information relating to your browsing may be stored in files called \u201ccookies.\u201d Our cookie policy allows you to better understand the provisions we implement in terms of browsing our Site. In particular, it informs you about all the cookies on our Site, their purpose, and allows you to configure them.<\/p>\n<h2>General information about cookies on the website<\/h2>\n<p>WIPRO LAUAK, as the publisher of this Website, may place a cookie on the hard drive of your device (computer, tablet, mobile phone, etc.) in order to ensure smooth and optimal browsing on the Website.<\/p>\n<p>Cookies are small text files that allow us to recognize your computer, tablet, or mobile device in order to personalize the services we offer you.<\/p>\n<p>The information collected through cookies does not in any way identify you by name. It is used exclusively for our own purposes in order to improve the interactivity and performance of our Site and to send you content tailored to your interests. None of this information is disclosed to third parties, except where disclosure is required by law, by order of a court or any administrative or judicial authority empowered to hear such matters.<\/p>\n<h2>Configuring your cookie preferences<\/h2>\n<p>You can accept or refuse cookies at any time.<\/p>\n<p>When you first connect to the Site, a banner briefly presenting information about cookies and similar technologies appears at the bottom of your screen. This banner warns you that by continuing to browse the Site (by loading a new page or clicking on various elements of the site, for example), you accept the use of cookies on your device. You are also deemed to have given your consent to the use of cookies by clicking on the \u201cAccept all\u201d icon to the right of the banner at the bottom of your screen.<\/p>\n<p>In accordance with the recommendations of the French Data Protection Authority (CNIL), certain cookies are exempt from the requirement to obtain your prior consent insofar as they are strictly necessary for the functioning of the website or have the sole purpose of enabling or facilitating electronic communication. These include session ID, authentication, load balancing, and interface customization cookies. These cookies are fully subject to this policy insofar as they are issued and managed by the Site.<\/p>\n<h3>&#8211; Cookie settings tools<\/h3>\n<p>Most Internet browsers are configured by default to allow cookies to be stored. Your browser allows you to change these default settings so that all cookies are systematically rejected or only some cookies are accepted or rejected depending on their issuer.<\/p>\n<p>PLEASE NOTE: We draw your attention to the fact that refusing to accept cookies on your device may nevertheless affect your user experience and your access to certain services or features of this Site. Where applicable, we accept no responsibility for the consequences of any deterioration in your browsing conditions that may occur as a result of your decision to refuse, delete, or block cookies that are necessary for the functioning of the site. These consequences do not constitute damage and you cannot claim any compensation as a result.<\/p>\n<h3>&#8211; Configuring your Internet browser<\/h3>\n<p>Votre navigateur vous permet \u00e9galement de supprimer les cookies existants sur votre terminal ou encore de vous signaler lorsque de nouveaux cookies sont susceptibles d\u2019\u00eatre d\u00e9pos\u00e9s sur votre terminal. Ces param\u00e9trages n\u2019ont pas d\u2019incidence sur votre navigation mais vous font perdre tout le b\u00e9n\u00e9fice apport\u00e9 par le cookie.<\/p>\n<p>Veuillez ci-dessous prendre connaissance des outils mis \u00e0 votre disposition afin que vous puissiez param\u00e9trer les cookies d\u00e9pos\u00e9s sur votre terminal.<\/p>\n<p>Chaque navigateur Internet propose ses propres param\u00e8tres de gestion des cookies. Pour savoir de quelle mani\u00e8re modifier vos pr\u00e9f\u00e9rences en mati\u00e8re de cookies, vous trouverez ci-dessous l\u2019aide n\u00e9cessaire pour acc\u00e9der au menu de votre navigateur pr\u00e9vu \u00e0 cet effet :<\/p>\n<ul>\n<li>Firefox:<br \/>\n1. Open Firefox<br \/>\n2. Press the \u201cAlt\u201d key<br \/>\n3. In the menu at the top of the page, click on \u201cTools\u201d then \u2018Options\u2019<br \/>\n4. Select the \u201cPrivacy\u201d tab<br \/>\n5. In the drop-down menu to the right of \u201cHistory,\u201d click on \u201cUse custom settings for history.\u201d<br \/>\n6. A little further down, uncheck \u201cAccept cookies.\u201d<br \/>\n7. Save your preferences by clicking on \u201cOK.\u201d<\/li>\n<li>Internet Explorer:<br \/>\n1. Open Internet Explorer.<br \/>\n2. In the \u201cTools\u201d menu, select \u201cInternet Options.\u201d<br \/>\n3. Click on the \u201cPrivacy\u201d tab.<br \/>\n4. Click on \u201cAdvanced\u201d and uncheck \u201cAccept.\u201d<br \/>\n5. Save your preferences by clicking on \u201cOK.\u201d<\/li>\n<li>Google Chrome:<br \/>\n1. Open Google Chrome.<br \/>\n2. Click on the tools icon in the menu bar.<br \/>\n3. Select \u201cOptions.\u201d<br \/>\n4. Click on the \u201cAdvanced Options\u201d tab.<br \/>\n5. In the \u201cCookie Settings\u201d drop-down menu, select \u201cBlock all cookies.\u201d<\/li>\n<li>Safari:<br \/>\n1. Open Safari.<br \/>\n2. In the menu bar at the top, click on \u201cSafari,\u201d then \u201cPreferences.\u201d<br \/>\n3. Select the \u201cSecurity\u201d icon.<br \/>\n4. Next to \u201cAccept cookies,\u201d check \u201cNever.\u201d<br \/>\n5. If you want to see the cookies that are already saved on your computer, click on \u201cShow Cookies.\u201d<\/li>\n<\/ul>\n<p>For more information about cookie management tools, please visit the CNIL website: <a href=\"https:\/\/www.cnil.fr\/fr\/cookies-les-outils-pour-les-maitriser\">https:\/\/www.cnil.fr\/fr\/cookies-les-outils-pour-les-maitriser<\/a>.[\/vc_column_text][\/vc_column][\/vc_row]<\/p>\n<\/div>","protected":false},"excerpt":{"rendered":"<p>[vc_row][vc_column][vc_column_text css=&#8221;&#8221;]When you first connect to the Site, a banner at the bottom of your [&hellip;]<\/p>\n","protected":false},"author":8,"featured_media":199254,"parent":0,"menu_order":0,"comment_status":"closed","ping_status":"closed","template":"","meta":{"_acf_changed":false,"_seopress_robots_primary_cat":"","_seopress_titles_title":"Cookie Policy - WIPRO LAUAK","_seopress_titles_desc":"","_seopress_robots_index":"","inline_featured_image":false,"footnotes":""},"class_list":["post-171098","page","type-page","status-publish","has-post-thumbnail","hentry"],"acf":[],"_links":{"self":[{"href":"https:\/\/www.wiprolauak.com\/en\/wp-json\/wp\/v2\/pages\/171098","targetHints":{"allow":["GET"]}}],"collection":[{"href":"https:\/\/www.wiprolauak.com\/en\/wp-json\/wp\/v2\/pages"}],"about":[{"href":"https:\/\/www.wiprolauak.com\/en\/wp-json\/wp\/v2\/types\/page"}],"author":[{"embeddable":true,"href":"https:\/\/www.wiprolauak.com\/en\/wp-json\/wp\/v2\/users\/8"}],"replies":[{"embeddable":true,"href":"https:\/\/www.wiprolauak.com\/en\/wp-json\/wp\/v2\/comments?post=171098"}],"version-history":[{"count":7,"href":"https:\/\/www.wiprolauak.com\/en\/wp-json\/wp\/v2\/pages\/171098\/revisions"}],"predecessor-version":[{"id":200276,"href":"https:\/\/www.wiprolauak.com\/en\/wp-json\/wp\/v2\/pages\/171098\/revisions\/200276"}],"wp:featuredmedia":[{"embeddable":true,"href":"https:\/\/www.wiprolauak.com\/en\/wp-json\/wp\/v2\/media\/199254"}],"wp:attachment":[{"href":"https:\/\/www.wiprolauak.com\/en\/wp-json\/wp\/v2\/media?parent=171098"}],"curies":[{"name":"wp","href":"https:\/\/api.w.org\/{rel}","templated":true}]}}