{"id":3265,"date":"2019-06-03T10:48:33","date_gmt":"2019-06-03T08:48:33","guid":{"rendered":"https:\/\/www.groupe-lauak.com\/activites\/tolerie-chaudronnerie\/"},"modified":"2026-03-16T11:33:12","modified_gmt":"2026-03-16T10:33:12","slug":"sheet-metal","status":"publish","type":"page","link":"https:\/\/www.wiprolauak.com\/en\/our-activities\/sheet-metal\/","title":{"rendered":"Sheet metal"},"content":{"rendered":"<div class=\"wpb-content-wrapper\"><p>[vc_row][vc_column width=&#8221;1\/6&#8243;][\/vc_column][vc_column width=&#8221;2\/3&#8243;][vc_column_text css=&#8221;&#8221;]<\/p>\n<p style=\"text-align: center;\" data-mce-style=\"text-align: center;\">The historical activity of <strong>WIPRO LAUAK<\/strong>, we are&nbsp;<strong>specialists of aeronautical panel and sheet metal working<\/strong>, both simple or complex, and with all types of materials, from aluminium alloys to hard metals (stainless steel, Inconel, titanium).<\/p>\n<p>[\/vc_column_text][\/vc_column][vc_column width=&#8221;1\/6&#8243;][\/vc_column][\/vc_row][vc_row][vc_column width=&#8221;1\/2&#8243;]<div class=\"ult-content-box-container \" >\t\t<div class=\"ult-content-box\" style=\"background-color:#342255;box-shadow: px px px px none;min-height:60px;-webkit-transition: all 700ms ease;-moz-transition: all 700ms ease;-ms-transition: all 700ms ease;-o-transition: all 700ms ease;transition: all 700ms ease;\"  data-hover_box_shadow=\"none\"     data-bg=\"#342255\" >[vc_column_text css=&#8221;.vc_custom_1771324427986{padding-top: 4vh !important;padding-bottom: 4vh !important;}&#8221;]<\/p>\n<h2 style=\"text-align: center; color: #ffffff;\" data-mce-style=\"text-align: center; color: #ffffff;\">MEANS<\/h2>\n<p><\/p>\n<p>[\/vc_column_text]\t\t<\/div><\/div><div class=\"ult-content-box-container box-shadow\" >\t\t<div class=\"ult-content-box\" style=\"background-color:#ffffff;box-shadow: px px px px none;-webkit-transition: all 700ms ease;-moz-transition: all 700ms ease;-ms-transition: all 700ms ease;-o-transition: all 700ms ease;transition: all 700ms ease;\"  data-hover_box_shadow=\"none\"     data-bg=\"#ffffff\" >[vc_empty_space][vc_column_text css=&#8221;.vc_custom_1686835687482{padding-left: 2vw !important;}&#8221;]<\/p>\n<ul>\n<li>2-axes laser punching and trimming machines<\/li>\n<li>5-axes laser trimming machines<\/li>\n<li>Folding\/Rolling machines<\/li>\n<li>Sandblaster\/Shot peening machines<\/li>\n<li>Hand forming traditional equipments<\/li>\n<li>Heat-tratment furnaces of aluminum<\/li>\n<li>Double and triple-action stamping presses<\/li>\n<li>Ruber presses 200 bars<\/li>\n<li>High-pressure fluid cell presses 800 bars<\/li>\n<li>TIG, MIG, Laser, Seams, Spot welding&nbsp;stations<\/li>\n<li>Automatized digital and analog radiography cabins<\/li>\n<li>Penetrant testing lines<\/li>\n<li>Surface treatment lines (TSA, CAA, Passivation, CCC, Pickling, Degresing)<\/li>\n<li>Paint cabins<\/li>\n<\/ul>\n<p>[\/vc_column_text][vc_empty_space height=&#8221;20px&#8221;]\t\t<\/div><\/div>[\/vc_column][vc_column width=&#8221;1\/2&#8243;]<div class=\"ult-content-box-container \" >\t\t<div class=\"ult-content-box\" style=\"background-color:#342255;box-shadow: px px px px none;min-height:60px;-webkit-transition: all 700ms ease;-moz-transition: all 700ms ease;-ms-transition: all 700ms ease;-o-transition: all 700ms ease;transition: all 700ms ease;\"  data-hover_box_shadow=\"none\"     data-bg=\"#342255\" >[vc_column_text css=&#8221;.vc_custom_1771324442396{padding-top: 4vh !important;padding-bottom: 4vh !important;}&#8221;]<\/p>\n<h2 style=\"text-align: center; color: #ffffff;\" data-mce-style=\"text-align: center; color: #ffffff;\">PROCESS<\/h2>\n<p><\/p>\n<p>[\/vc_column_text]\t\t<\/div><\/div><div class=\"ult-content-box-container box-shadow\" >\t\t<div class=\"ult-content-box\" style=\"background-color:#ffffff;box-shadow: px px px px none;-webkit-transition: all 700ms ease;-moz-transition: all 700ms ease;-ms-transition: all 700ms ease;-o-transition: all 700ms ease;transition: all 700ms ease;\"  data-hover_box_shadow=\"none\"     data-bg=\"#ffffff\" >[vc_empty_space][vc_column_text css=&#8221;.vc_custom_1686835741184{padding-left: 2vw !important;}&#8221;]<\/p>\n<ul>\n<li>Laser and Machining Trimming\/Punching<\/li>\n<li>Aluminum Heat treatment<\/li>\n<li>Stamping\/Pressing\/Folding\/Rolling<\/li>\n<li>Cold forming<\/li>\n<li>Hand, Automatized and Orbital welding<\/li>\n<li>Non-destructive testing (X-ray, dye penetrant inspection)<\/li>\n<li>Surface treatment and painting<\/li>\n<li>Sub-assembling\/Fastener installations<\/li>\n<\/ul>\n<p>[\/vc_column_text][vc_empty_space height=&#8221;20px&#8221;]\t\t<\/div><\/div>[\/vc_column][\/vc_row][vc_row][vc_column]<div class=\"ult-spacer spacer-69de1f45c63c8\" data-id=\"69de1f45c63c8\" data-height=\"50\" data-height-mobile=\"50\" data-height-tab=\"50\" data-height-tab-portrait=\"\" data-height-mobile-landscape=\"\" style=\"clear:both;display:block;\"><\/div>[vc_column_text css=&#8221;&#8221;]<\/p>\n<h2 style=\"text-align: center;\" data-mce-style=\"text-align: center;\">PRODUCTS<\/h2>\n<p><\/p>\n<p>[\/vc_column_text]<div class=\"ult-spacer spacer-69de1f45c63f1\" data-id=\"69de1f45c63f1\" data-height=\"20\" data-height-mobile=\"20\" data-height-tab=\"20\" data-height-tab-portrait=\"\" data-height-mobile-landscape=\"\" style=\"clear:both;display:block;\"><\/div>[\/vc_column][\/vc_row][vc_section el_class=&#8221;vignettes&#8221;][vc_row equal_height=&#8221;yes&#8221; css=&#8221;.vc_custom_1560121091293{margin-bottom: 30px !important;}&#8221;][vc_column width=&#8221;1\/2&#8243; offset=&#8221;vc_col-xs-6&#8243;][vc_single_image image=&#8221;199572&#8243; img_size=&#8221;large&#8221; alignment=&#8221;center&#8221; css=&#8221;&#8221;][vc_column_text css=&#8221;&#8221;]<\/p>\n<h3 style=\"text-align: center;\" data-mce-style=\"text-align: center;\"><strong>Bulkhead frame<\/strong><\/h3>\n<p style=\"text-align: center;\" data-mce-style=\"text-align: center;\">A330<br \/>AIRBUS<\/p>\n<p><\/p>\n<p>[\/vc_column_text][\/vc_column][vc_column width=&#8221;1\/2&#8243; offset=&#8221;vc_col-xs-6&#8243;][vc_single_image image=&#8221;199576&#8243; img_size=&#8221;large&#8221; alignment=&#8221;center&#8221; css=&#8221;&#8221;][vc_column_text css=&#8221;&#8221;]<\/p>\n<h3 style=\"text-align: center;\" data-mce-style=\"text-align: center;\"><strong>Tail Cone<\/strong><\/h3>\n<p style=\"text-align: center;\" data-mce-style=\"text-align: center;\">PRAETOR<br \/>EMBRAER<\/p>\n<p><\/p>\n<p>[\/vc_column_text][\/vc_column][\/vc_row][vc_row equal_height=&#8221;yes&#8221; css=&#8221;.vc_custom_1560121091293{margin-bottom: 30px !important;}&#8221;][vc_column width=&#8221;1\/2&#8243; offset=&#8221;vc_col-xs-6&#8243;][vc_single_image image=&#8221;199578&#8243; img_size=&#8221;large&#8221; alignment=&#8221;center&#8221; css=&#8221;&#8221;][vc_column_text css=&#8221;&#8221;]<\/p>\n<h3 style=\"text-align: center;\" data-mce-style=\"text-align: center;\"><strong>Bleed air shroud<\/strong><\/h3>\n<p style=\"text-align: center;\" data-mce-style=\"text-align: center;\">A350<br \/>AIRBUS<\/p>\n<p><\/p>\n<p>[\/vc_column_text][\/vc_column][vc_column width=&#8221;1\/2&#8243; offset=&#8221;vc_col-xs-6&#8243;][vc_single_image image=&#8221;199602&#8243; img_size=&#8221;large&#8221; alignment=&#8221;center&#8221; css=&#8221;&#8221;][vc_column_text css=&#8221;&#8221;]<\/p>\n<h3 style=\"text-align: center;\" data-mce-style=\"text-align: center;\"><strong>Equiped bracket<\/strong><\/h3>\n<p style=\"text-align: center;\" data-mce-style=\"text-align: center;\">LEAP 1B<br \/>SAFRAN AIRCRAFT ENGINE<\/p>\n<p><\/p>\n<p>[\/vc_column_text][\/vc_column][\/vc_row][\/vc_section][vc_section el_class=&#8221;vignettes&#8221;][vc_row equal_height=&#8221;yes&#8221; css=&#8221;.vc_custom_1560121091293{margin-bottom: 30px !important;}&#8221;][vc_column width=&#8221;1\/2&#8243; offset=&#8221;vc_col-xs-6&#8243;][vc_single_image image=&#8221;199574&#8243; img_size=&#8221;large&#8221; alignment=&#8221;center&#8221; css=&#8221;&#8221;][vc_column_text css=&#8221;&#8221;]<\/p>\n<h3 style=\"text-align: center;\" data-mce-style=\"text-align: center;\"><strong>Battery support<\/strong><\/h3>\n<p style=\"text-align: center;\" data-mce-style=\"text-align: center;\">A320<br \/>AIRBUS ATLANTIC<\/p>\n<p><\/p>\n<p>[\/vc_column_text][\/vc_column][vc_column width=&#8221;1\/2&#8243;][vc_single_image image=&#8221;199582&#8243; img_size=&#8221;large&#8221; alignment=&#8221;center&#8221; css=&#8221;&#8221;][vc_column_text css=&#8221;&#8221;]<\/p>\n<h3 style=\"text-align: center;\" data-mce-style=\"text-align: center;\"><strong>Cargo lining<\/strong><\/h3>\n<p style=\"text-align: center;\" data-mce-style=\"text-align: center;\">A350<br \/>AIRBUS AEROSTRUCTURES GMBH<\/p>\n<p><\/p>\n<p>[\/vc_column_text][\/vc_column][\/vc_row][vc_row equal_height=&#8221;yes&#8221; css=&#8221;.vc_custom_1560121091293{margin-bottom: 30px !important;}&#8221;][vc_column offset=&#8221;vc_col-xs-6&#8243;][vc_single_image image=&#8221;199580&#8243; img_size=&#8221;large&#8221; alignment=&#8221;center&#8221; css=&#8221;&#8221;][vc_column_text css=&#8221;&#8221;]<\/p>\n<h3 style=\"text-align: center;\" data-mce-style=\"text-align: center;\"><strong>Main control panel<br \/>Central pedestal<\/strong><\/h3>\n<p style=\"text-align: center;\" data-mce-style=\"text-align: center;\">A350<br \/>HUTCHINSON<\/p>\n<p><\/p>\n<p>[\/vc_column_text][\/vc_column][\/vc_row][\/vc_section]<\/p>\n<\/div>","protected":false},"excerpt":{"rendered":"<p>[vc_row][vc_column width=&#8221;1\/6&#8243;][\/vc_column][vc_column width=&#8221;2\/3&#8243;][vc_column_text css=&#8221;&#8221;] The historical activity of WIPRO LAUAK, we are&nbsp;specialists of aeronautical panel [&hellip;]<\/p>\n","protected":false},"author":8,"featured_media":199224,"parent":3254,"menu_order":1,"comment_status":"closed","ping_status":"closed","template":"","meta":{"_acf_changed":false,"_seopress_robots_primary_cat":"","_seopress_titles_title":"T\u00f4lerie chaudronnerie a\u00e9ronautique - WIPRO LAUAK","_seopress_titles_desc":"Sp\u00e9cialiste de la t\u00f4lerie et de la chaudronnerie, simple ou complexe, WIPRO LAUAK fabrique des pi\u00e8ces \u00e9l\u00e9mentaires et sous-ensembles de tous types de mat\u00e9riaux (inox, inconel, titane)","_seopress_robots_index":"","inline_featured_image":false,"footnotes":""},"class_list":["post-3265","page","type-page","status-publish","has-post-thumbnail","hentry"],"acf":[],"_links":{"self":[{"href":"https:\/\/www.wiprolauak.com\/en\/wp-json\/wp\/v2\/pages\/3265","targetHints":{"allow":["GET"]}}],"collection":[{"href":"https:\/\/www.wiprolauak.com\/en\/wp-json\/wp\/v2\/pages"}],"about":[{"href":"https:\/\/www.wiprolauak.com\/en\/wp-json\/wp\/v2\/types\/page"}],"author":[{"embeddable":true,"href":"https:\/\/www.wiprolauak.com\/en\/wp-json\/wp\/v2\/users\/8"}],"replies":[{"embeddable":true,"href":"https:\/\/www.wiprolauak.com\/en\/wp-json\/wp\/v2\/comments?post=3265"}],"version-history":[{"count":80,"href":"https:\/\/www.wiprolauak.com\/en\/wp-json\/wp\/v2\/pages\/3265\/revisions"}],"predecessor-version":[{"id":200410,"href":"https:\/\/www.wiprolauak.com\/en\/wp-json\/wp\/v2\/pages\/3265\/revisions\/200410"}],"up":[{"embeddable":true,"href":"https:\/\/www.wiprolauak.com\/en\/wp-json\/wp\/v2\/pages\/3254"}],"wp:featuredmedia":[{"embeddable":true,"href":"https:\/\/www.wiprolauak.com\/en\/wp-json\/wp\/v2\/media\/199224"}],"wp:attachment":[{"href":"https:\/\/www.wiprolauak.com\/en\/wp-json\/wp\/v2\/media?parent=3265"}],"curies":[{"name":"wp","href":"https:\/\/api.w.org\/{rel}","templated":true}]}}