{"id":3271,"date":"2019-06-03T10:48:46","date_gmt":"2019-06-03T08:48:46","guid":{"rendered":"https:\/\/www.groupe-lauak.com\/activites\/usinage\/"},"modified":"2026-03-16T11:33:50","modified_gmt":"2026-03-16T10:33:50","slug":"machining","status":"publish","type":"page","link":"https:\/\/www.wiprolauak.com\/en\/our-activities\/machining\/","title":{"rendered":"Machining"},"content":{"rendered":"<div class=\"wpb-content-wrapper\"><p>[vc_row][vc_column width=&#8221;1\/12&#8243; offset=&#8221;vc_col-lg-2 vc_hidden-xs&#8221;][\/vc_column][vc_column width=&#8221;5\/6&#8243; offset=&#8221;vc_col-lg-8&#8243;][vc_column_text css=&#8221;&#8221;]<\/p>\n<p style=\"text-align: center;\" data-mce-style=\"text-align: center;\">WIPRO LAUAK uses more than 40 digitally-controlled machines to manufacture machined<strong>&nbsp;basic parts and sub-assemblies.<\/strong><br \/>On each development segment, WIPRO LAUAK endeavours to offer a local development solution to its customers and <strong>best cost solutions in terms of production.<\/strong><\/p>\n<p>[\/vc_column_text][\/vc_column][vc_column width=&#8221;1\/12&#8243; offset=&#8221;vc_col-lg-2 vc_hidden-xs&#8221;][\/vc_column][\/vc_row][vc_row][vc_column width=&#8221;1\/2&#8243;]<div class=\"ult-content-box-container \" >\t\t<div class=\"ult-content-box\" style=\"background-color:#342255;box-shadow: px px px px none;-webkit-transition: all 700ms ease;-moz-transition: all 700ms ease;-ms-transition: all 700ms ease;-o-transition: all 700ms ease;transition: all 700ms ease;\"  data-hover_box_shadow=\"none\"     data-bg=\"#342255\" >[vc_column_text css=&#8221;.vc_custom_1771319389638{padding-top: 4vh !important;padding-bottom: 4vh !important;}&#8221;]<\/p>\n<h2 style=\"text-align: center; color: #ffffff;\" data-mce-style=\"text-align: center; color: #ffffff;\">MEANS<\/h2>\n<p>[\/vc_column_text]\t\t<\/div><\/div><div class=\"ult-content-box-container box-shadow\" >\t\t<div class=\"ult-content-box\" style=\"background-color:#ffffff;box-shadow: px px px px none;-webkit-transition: all 700ms ease;-moz-transition: all 700ms ease;-ms-transition: all 700ms ease;-o-transition: all 700ms ease;transition: all 700ms ease;\"  data-hover_box_shadow=\"none\"     data-bg=\"#ffffff\" >[vc_empty_space][vc_column_text css=&#8221;.vc_custom_1686834828292{padding-left: 2vw !important;}&#8221;]<\/p>\n<ul>\n<li>40 machining centers from 3 to 5 axes small and large dimensions (up to 4m)<\/li>\n<li>Combined Lathe-Milling centers (horizontal and vertical, 5-axes)<\/li>\n<li>Milling centers with automatized Pallet-Changing<\/li>\n<li>Shot peening machines<\/li>\n<li>Three-dimensional measuring machines<\/li>\n<li>Scan box<\/li>\n<li>Penetrant testing lines<\/li>\n<li>Surface treatment and Painting lines<\/li>\n<\/ul>\n<p>[\/vc_column_text][vc_empty_space height=&#8221;20px&#8221;]\t\t<\/div><\/div>[\/vc_column][vc_column width=&#8221;1\/2&#8243;]<div class=\"ult-content-box-container \" >\t\t<div class=\"ult-content-box\" style=\"background-color:#342255;box-shadow: px px px px none;-webkit-transition: all 700ms ease;-moz-transition: all 700ms ease;-ms-transition: all 700ms ease;-o-transition: all 700ms ease;transition: all 700ms ease;\"  data-hover_box_shadow=\"none\"     data-bg=\"#342255\" >[vc_column_text css=&#8221;.vc_custom_1771319396365{padding-top: 4vh !important;padding-bottom: 4vh !important;}&#8221;]<\/p>\n<h2 style=\"text-align: center; color: #ffffff;\" data-mce-style=\"text-align: center; color: #ffffff;\">PROCESS<\/h2>\n<p>[\/vc_column_text]\t\t<\/div><\/div><div class=\"ult-content-box-container box-shadow\" >\t\t<div class=\"ult-content-box\" style=\"background-color:#ffffff;box-shadow: px px px px none;-webkit-transition: all 700ms ease;-moz-transition: all 700ms ease;-ms-transition: all 700ms ease;-o-transition: all 700ms ease;transition: all 700ms ease;\"  data-hover_box_shadow=\"none\"     data-bg=\"#ffffff\" >[vc_empty_space][vc_column_text css=&#8221;.vc_custom_1686835021582{padding-left: 2vw !important;}&#8221;]<\/p>\n<ul>\n<li>Turning<\/li>\n<li>Milling<\/li>\n<li>Prestressing shot peening<\/li>\n<li>Dimension measurement and scanning<\/li>\n<li>Non-destructive testing (dye penetrant inspection)<\/li>\n<li>Bearing installation<\/li>\n<li>Assembly<\/li>\n<li>Surface treatment and painting<\/li>\n<\/ul>\n<p>[\/vc_column_text][vc_empty_space height=&#8221;20px&#8221;]\t\t<\/div><\/div>[\/vc_column][\/vc_row][vc_row][vc_column]<div class=\"ult-spacer spacer-69de1f46d2c63\" data-id=\"69de1f46d2c63\" data-height=\"50\" data-height-mobile=\"50\" data-height-tab=\"50\" data-height-tab-portrait=\"\" data-height-mobile-landscape=\"\" style=\"clear:both;display:block;\"><\/div>[vc_column_text css=&#8221;&#8221;]<\/p>\n<h2 style=\"text-align: center;\" data-mce-style=\"text-align: center;\">PRODUCTS<\/h2>\n<p>[\/vc_column_text]<div class=\"ult-spacer spacer-69de1f46d2c8c\" data-id=\"69de1f46d2c8c\" data-height=\"20\" data-height-mobile=\"20\" data-height-tab=\"20\" data-height-tab-portrait=\"\" data-height-mobile-landscape=\"\" style=\"clear:both;display:block;\"><\/div>[\/vc_column][\/vc_row][vc_section el_class=&#8221;vignettes&#8221;][vc_row equal_height=&#8221;yes&#8221; css=&#8221;.vc_custom_1560121091293{margin-bottom: 30px !important;}&#8221;][vc_column width=&#8221;1\/2&#8243; offset=&#8221;vc_col-xs-6&#8243;][vc_single_image image=&#8221;199609&#8243; img_size=&#8221;large&#8221; alignment=&#8221;center&#8221; css=&#8221;&#8221;][vc_column_text css=&#8221;&#8221;]<\/p>\n<h3 style=\"text-align: center;\" data-mce-style=\"text-align: center;\"><strong>RIb 8 et 9<\/strong><\/h3>\n<p style=\"text-align: center;\" data-mce-style=\"text-align: center;\">A350<br \/>AIRBUS<\/p>\n<p>[\/vc_column_text][\/vc_column][vc_column width=&#8221;1\/2&#8243;][vc_single_image image=&#8221;199625&#8243; img_size=&#8221;large&#8221; alignment=&#8221;center&#8221; css=&#8221;&#8221;][vc_column_text css=&#8221;&#8221;]<\/p>\n<h3 style=\"text-align: center;\" data-mce-style=\"text-align: center;\"><strong>Rib 5<\/strong><\/h3>\n<p style=\"text-align: center;\" data-mce-style=\"text-align: center;\">E2 -170\/190<br \/>EMBRAER<\/p>\n<p>[\/vc_column_text][\/vc_column][\/vc_row][\/vc_section][vc_section content_placement=&#8221;middle&#8221; el_class=&#8221;vignettes&#8221;][vc_row equal_height=&#8221;yes&#8221; css=&#8221;.vc_custom_1560121091293{margin-bottom: 30px !important;}&#8221;][vc_column width=&#8221;1\/2&#8243; offset=&#8221;vc_col-xs-6&#8243;][vc_single_image image=&#8221;199637&#8243; img_size=&#8221;large&#8221; alignment=&#8221;center&#8221; css=&#8221;&#8221;][vc_column_text css=&#8221;&#8221;]<\/p>\n<h3 style=\"text-align: center;\" data-mce-style=\"text-align: center;\"><strong>Fitting actuator<\/strong><\/h3>\n<p style=\"text-align: center;\" data-mce-style=\"text-align: center;\">KC390<br \/>EMBRAER<\/p>\n<p>[\/vc_column_text][\/vc_column][vc_column width=&#8221;1\/2&#8243; offset=&#8221;vc_col-xs-6&#8243;][vc_single_image image=&#8221;199607&#8243; img_size=&#8221;large&#8221; alignment=&#8221;center&#8221; css=&#8221;&#8221;][vc_column_text css=&#8221;&#8221;]<\/p>\n<h3 style=\"text-align: center;\" data-mce-style=\"text-align: center;\"><strong>Spar 1<\/strong><\/h3>\n<p style=\"text-align: center;\" data-mce-style=\"text-align: center;\">KC390<br \/>EMBRAER<\/p>\n<p>[\/vc_column_text][\/vc_column][\/vc_row][vc_row equal_height=&#8221;yes&#8221; content_placement=&#8221;middle&#8221; css=&#8221;.vc_custom_1560419943071{margin-bottom: 30px !important;}&#8221;][vc_column width=&#8221;1\/2&#8243; offset=&#8221;vc_col-xs-6&#8243;][vc_single_image image=&#8221;199619&#8243; img_size=&#8221;large&#8221; alignment=&#8221;center&#8221; css=&#8221;&#8221;][vc_column_text css=&#8221;&#8221;]<\/p>\n<h3 style=\"text-align: center;\" data-mce-style=\"text-align: center;\"><strong>Retention turbine<\/strong><\/h3>\n<p style=\"text-align: center;\" data-mce-style=\"text-align: center;\">AW189<br \/>SAFRAN POWER UNITS<\/p>\n<p>[\/vc_column_text][\/vc_column][vc_column width=&#8221;1\/2&#8243; offset=&#8221;vc_col-xs-6&#8243;][vc_single_image image=&#8221;199611&#8243; img_size=&#8221;large&#8221; alignment=&#8221;center&#8221; css=&#8221;&#8221;][vc_column_text css=&#8221;&#8221;]<\/p>\n<h3 style=\"text-align: center;\" data-mce-style=\"text-align: center;\"><strong>Compressor vein<\/strong><\/h3>\n<p style=\"text-align: center;\" data-mce-style=\"text-align: center;\">AW189<br \/>SAFRAN POWER UNITS<\/p>\n<p>[\/vc_column_text][\/vc_column][\/vc_row][\/vc_section][vc_row equal_height=&#8221;yes&#8221; content_placement=&#8221;middle&#8221; css=&#8221;.vc_custom_1560947654123{margin-bottom: 30px !important;}&#8221; el_class=&#8221;vignettes&#8221;][vc_column width=&#8221;1\/2&#8243; offset=&#8221;vc_col-xs-6&#8243;][vc_single_image image=&#8221;199629&#8243; img_size=&#8221;large&#8221; alignment=&#8221;center&#8221; css=&#8221;&#8221;][vc_column_text css=&#8221;&#8221;]<\/p>\n<h3 style=\"text-align: center;\" data-mce-style=\"text-align: center;\"><strong>AFT close out fitting<\/strong><\/h3>\n<p style=\"text-align: center;\" data-mce-style=\"text-align: center;\">B737<br \/>BOEING<\/p>\n<p>[\/vc_column_text][\/vc_column][vc_column width=&#8221;1\/2&#8243; offset=&#8221;vc_col-xs-6&#8243;][vc_single_image image=&#8221;199627&#8243; img_size=&#8221;large&#8221; alignment=&#8221;center&#8221; css=&#8221;&#8221;][vc_column_text css=&#8221;&#8221;]<\/p>\n<h3 style=\"text-align: center;\" data-mce-style=\"text-align: center;\"><strong>Forging frame<\/strong><\/h3>\n<p style=\"text-align: center;\" data-mce-style=\"text-align: center;\">F2000<br \/>DASSAULT AVIATION<\/p>\n<p>[\/vc_column_text][\/vc_column][\/vc_row][vc_row equal_height=&#8221;yes&#8221; content_placement=&#8221;middle&#8221; css=&#8221;.vc_custom_1560947654123{margin-bottom: 30px !important;}&#8221; el_class=&#8221;vignettes&#8221;][vc_column offset=&#8221;vc_col-xs-6&#8243;][vc_single_image image=&#8221;199639&#8243; img_size=&#8221;large&#8221; alignment=&#8221;center&#8221; css=&#8221;&#8221;][vc_column_text]<\/p>\n<h3 style=\"text-align: center;\" data-mce-style=\"text-align: center;\">Ribs<\/h3>\n<p style=\"text-align: center;\" data-mce-style=\"text-align: center;\">F6X<br \/>DASSAULT AVIATION<\/p>\n<p>[\/vc_column_text][\/vc_column][\/vc_row]<\/p>\n<\/div>","protected":false},"excerpt":{"rendered":"<p>[vc_row][vc_column width=&#8221;1\/12&#8243; offset=&#8221;vc_col-lg-2 vc_hidden-xs&#8221;][\/vc_column][vc_column width=&#8221;5\/6&#8243; offset=&#8221;vc_col-lg-8&#8243;][vc_column_text css=&#8221;&#8221;] WIPRO LAUAK uses more than 40 digitally-controlled machines [&hellip;]<\/p>\n","protected":false},"author":8,"featured_media":199252,"parent":3254,"menu_order":3,"comment_status":"closed","ping_status":"closed","template":"","meta":{"_acf_changed":false,"_seopress_robots_primary_cat":"","_seopress_titles_title":"Usinage de pi\u00e8ces \u00e9l\u00e9mentaires et sous-ensembles usin\u00e9s - WIPRO LAUAK","_seopress_titles_desc":"Moyens et processus d'usinage pour la fabrication de pi\u00e8ces \u00e9l\u00e9mentaires et sous-ensembles usin\u00e9s gr\u00e2ce \u00e0 plus de 40 machines \u00e0 commande num\u00e9rique","_seopress_robots_index":"","inline_featured_image":false,"footnotes":""},"class_list":["post-3271","page","type-page","status-publish","has-post-thumbnail","hentry"],"acf":[],"_links":{"self":[{"href":"https:\/\/www.wiprolauak.com\/en\/wp-json\/wp\/v2\/pages\/3271","targetHints":{"allow":["GET"]}}],"collection":[{"href":"https:\/\/www.wiprolauak.com\/en\/wp-json\/wp\/v2\/pages"}],"about":[{"href":"https:\/\/www.wiprolauak.com\/en\/wp-json\/wp\/v2\/types\/page"}],"author":[{"embeddable":true,"href":"https:\/\/www.wiprolauak.com\/en\/wp-json\/wp\/v2\/users\/8"}],"replies":[{"embeddable":true,"href":"https:\/\/www.wiprolauak.com\/en\/wp-json\/wp\/v2\/comments?post=3271"}],"version-history":[{"count":40,"href":"https:\/\/www.wiprolauak.com\/en\/wp-json\/wp\/v2\/pages\/3271\/revisions"}],"predecessor-version":[{"id":200414,"href":"https:\/\/www.wiprolauak.com\/en\/wp-json\/wp\/v2\/pages\/3271\/revisions\/200414"}],"up":[{"embeddable":true,"href":"https:\/\/www.wiprolauak.com\/en\/wp-json\/wp\/v2\/pages\/3254"}],"wp:featuredmedia":[{"embeddable":true,"href":"https:\/\/www.wiprolauak.com\/en\/wp-json\/wp\/v2\/media\/199252"}],"wp:attachment":[{"href":"https:\/\/www.wiprolauak.com\/en\/wp-json\/wp\/v2\/media?parent=3271"}],"curies":[{"name":"wp","href":"https:\/\/api.w.org\/{rel}","templated":true}]}}