{"id":3325,"date":"2019-06-12T12:54:38","date_gmt":"2019-06-12T10:54:38","guid":{"rendered":"https:\/\/www.groupe-lauak.com\/lauak-4-0\/"},"modified":"2026-03-16T11:26:18","modified_gmt":"2026-03-16T10:26:18","slug":"wipro-lauak-4-0","status":"publish","type":"page","link":"https:\/\/www.wiprolauak.com\/en\/wipro-lauak-4-0\/","title":{"rendered":"WIPRO LAUAK 4.0"},"content":{"rendered":"<div class=\"wpb-content-wrapper\"><p>[vc_row][vc_column width=&#8221;1\/12&#8243; offset=&#8221;vc_col-lg-2 vc_hidden-xs&#8221;][\/vc_column][vc_column width=&#8221;5\/6&#8243; offset=&#8221;vc_col-lg-8&#8243;][vc_column_text css=&#8221;&#8221;]<\/p>\n<p style=\"text-align: center;\"><strong>To achieve excellence and improve our productivity and competitiveness<\/strong>, we have decided to evolve our organization by creating a digital transformation hub based on the <strong>WIPRO LAUAK 4.0 project.<\/strong><\/p>\n<p>[\/vc_column_text][\/vc_column][vc_column width=&#8221;1\/12&#8243; offset=&#8221;vc_col-lg-2 vc_hidden-xs&#8221;][\/vc_column][\/vc_row][vc_section el_class=&#8221;chantiers&#8221;][vc_row equal_height=&#8221;yes&#8221; content_placement=&#8221;middle&#8221; disable_element=&#8221;yes&#8221;][vc_column width=&#8221;1\/2&#8243;][vc_row_inner content_placement=&#8221;middle&#8221;][vc_column_inner offset=&#8221;vc_col-lg-8 vc_col-md-8&#8243;][vc_column_text]<\/p>\n<ul>\n<li><a href=\"#tracking\"><strong>TRACKING EN TEMPS R\u00c9EL<\/strong><\/a><br \/>\nJUIL. 2019<\/li>\n<li><strong>CAPTEURS<\/strong><br \/>\n2020<\/li>\n<li><strong>TRS TEMPS R\u00c9EL<\/strong><br \/>\nNOV.2019<\/li>\n<li><strong>AGV\/COBOT<\/strong><br \/>\nMARS 2020<\/li>\n<\/ul>\n<p>[\/vc_column_text][\/vc_column_inner][vc_column_inner offset=&#8221;vc_col-lg-4 vc_col-md-4&#8243;][vc_column_text]<\/p>\n<h2>IOT\/SMART ROBOT<\/h2>\n<p>[\/vc_column_text][\/vc_column_inner][\/vc_row_inner][\/vc_column][vc_column width=&#8221;1\/2&#8243;][vc_row_inner content_placement=&#8221;middle&#8221;][vc_column_inner offset=&#8221;vc_col-lg-4 vc_col-md-4&#8243;][vc_column_text]<\/p>\n<h2>BIG DATA<\/h2>\n<p>[\/vc_column_text][\/vc_column_inner][vc_column_inner offset=&#8221;vc_col-lg-8 vc_col-md-8&#8243;][vc_column_text]<\/p>\n<ul>\n<li><strong>QUALIT\u00c9 PR\u00c9DICTIVE<\/strong><br \/>\n2020<\/li>\n<li><strong>MAINTENANCE PR\u00c9DICTIVE<\/strong><br \/>\n2020<\/li>\n<li><strong>INTELLIGENCE ARTIFICIELLE<\/strong><br \/>\n2021<\/li>\n<li><strong>SIMULATION FLUX<\/strong><br \/>\nJUIN 2019<\/li>\n<\/ul>\n<p>[\/vc_column_text][\/vc_column_inner][\/vc_row_inner][\/vc_column][\/vc_row][vc_row equal_height=&#8221;yes&#8221; disable_element=&#8221;yes&#8221;][vc_column width=&#8221;1\/2&#8243;][vc_row_inner content_placement=&#8221;middle&#8221;][vc_column_inner offset=&#8221;vc_col-lg-8 vc_col-md-8&#8243;][vc_column_text]<\/p>\n<ul>\n<li><strong>JUMEAUX NUMERIQUE<\/strong><br \/>\nJUIN 2019<\/li>\n<li><a href=\"#fiche\"><strong>FICHES D\u2019INSTRUCTIONS NUM\u00c9RIQUES<\/strong><\/a><br \/>\n2018<\/li>\n<li><strong>SUPERVISION<\/strong><br \/>\nD\u00c9CEMBRE 2019<\/li>\n<li><a href=\"#srp\"><strong>&#8220;SRP&#8221; DIGITAL<\/strong><\/a><br \/>\nMARS 2019<\/li>\n<\/ul>\n<p>[\/vc_column_text][\/vc_column_inner][vc_column_inner offset=&#8221;vc_col-lg-4 vc_col-md-4&#8243;][vc_column_text]<\/p>\n<h2>CONTINUIT\u00c9 NUM\u00c9RIQUE<\/h2>\n<p>[\/vc_column_text][\/vc_column_inner][\/vc_row_inner][\/vc_column][vc_column width=&#8221;1\/2&#8243;][vc_row_inner content_placement=&#8221;middle&#8221;][vc_column_inner offset=&#8221;vc_col-lg-4 vc_col-md-4&#8243;][vc_column_text]<\/p>\n<h2>HOMME CONNECT\u00c9<\/h2>\n<p>[\/vc_column_text][\/vc_column_inner][vc_column_inner offset=&#8221;vc_col-lg-8 vc_col-md-8&#8243;][vc_column_text]<\/p>\n<ul>\n<li><strong>K\u2019PI TEMPS REEL<\/strong><br \/>\nD\u00c9CEMBRE 2019<\/li>\n<li><strong>EXOSQUELETTE<\/strong><br \/>\nJUIN 2020<\/li>\n<li><strong>R\u00c9ALIT\u00c9 AUGMENT\u00c9E<\/strong><br \/>\nPOC FIN 2020<\/li>\n<li><a href=\"#rh\"><strong>D\u00c9VELOPPEMENT RESSOURCES HUMAINES<\/strong><\/a><\/li>\n<\/ul>\n<p>[\/vc_column_text][\/vc_column_inner][\/vc_row_inner][\/vc_column][\/vc_row][\/vc_section][vc_row][vc_column]<div class=\"ult-spacer spacer-69de1fa94da2f\" data-id=\"69de1fa94da2f\" data-height=\"50\" data-height-mobile=\"50\" data-height-tab=\"50\" data-height-tab-portrait=\"\" data-height-mobile-landscape=\"\" style=\"clear:both;display:block;\"><\/div>[\/vc_column][\/vc_row][vc_row content_placement=&#8221;middle&#8221;][vc_column width=&#8221;1\/2&#8243;][vc_single_image image=&#8221;199863&#8243; img_size=&#8221;large&#8221; alignment=&#8221;center&#8221; css=&#8221;&#8221;][\/vc_column][vc_column width=&#8221;1\/2&#8243;][vc_column_text]<\/p>\n<h2><strong>REAL-TIME TRACKING OF WORK ORDERS (WO) USING CONNECTED BOXES<\/strong><\/h2>\n<p><\/p>\n<ul>\n<li>Location by zone<\/li>\n<li>Interfaced to the sequencing of the lines in the factory<\/li>\n<li>Identification by LED<\/li>\n<\/ul>\n<p>[\/vc_column_text][\/vc_column][\/vc_row][vc_row content_placement=&#8221;middle&#8221;][vc_column width=&#8221;1\/2&#8243;][vc_column_text]<\/p>\n<h2><strong>DIGITAL PSS (Problem Solving System)<\/strong><\/h2>\n<p><\/p>\n<ul>\n<li>Real-time KPIs<\/li>\n<li>Proactivity<\/li>\n<li>Performance management<\/li>\n<\/ul>\n<p>[\/vc_column_text][\/vc_column][vc_column width=&#8221;1\/2&#8243;][vc_single_image image=&#8221;199861&#8243; img_size=&#8221;large&#8221; alignment=&#8221;center&#8221; css=&#8221;&#8221;][\/vc_column][\/vc_row][vc_row content_placement=&#8221;middle&#8221;][vc_column width=&#8221;1\/2&#8243;][vc_single_image image=&#8221;199868&#8243; img_size=&#8221;large&#8221; alignment=&#8221;center&#8221; css=&#8221;&#8221;][\/vc_column][vc_column width=&#8221;1\/2&#8243;][vc_column_text]<\/p>\n<h2><strong>DIGITAL INSTRUCTION SHEET<\/strong><\/h2>\n<p><\/p>\n<ul>\n<li>Digital continuity<\/li>\n<li>Real-time configuration management tracking<\/li>\n<li>Establishment of Poka-yoke<\/li>\n<\/ul>\n<p>[\/vc_column_text][\/vc_column][\/vc_row][vc_row content_placement=&#8221;middle&#8221;][vc_column width=&#8221;1\/2&#8243;][vc_column_text]<\/p>\n<h2><strong>AUTOMATIZATION<\/strong><\/h2>\n<p><\/p>\n<ul>\n<li>Improving repetability<\/li>\n<li>Reducing physical and repetitive labor<\/li>\n<li>Reducing cycle<\/li>\n<\/ul>\n<p>[\/vc_column_text][\/vc_column][vc_column width=&#8221;1\/2&#8243;][vc_single_image image=&#8221;199857&#8243; img_size=&#8221;large&#8221; alignment=&#8221;center&#8221; css=&#8221;&#8221;][\/vc_column][\/vc_row][vc_row content_placement=&#8221;middle&#8221;][vc_column width=&#8221;1\/2&#8243;][vc_single_image image=&#8221;199859&#8243; img_size=&#8221;large&#8221; alignment=&#8221;center&#8221; css=&#8221;&#8221;][\/vc_column][vc_column width=&#8221;1\/2&#8243;][vc_column_text]<\/p>\n<h2><strong>PHOTOMETRY CONTROL<\/strong><\/h2>\n<p><\/p>\n<ul>\n<li>Complex control optimisation<\/li>\n<li>Reduce tool need<\/li>\n<\/ul>\n<p>[\/vc_column_text][\/vc_column][\/vc_row]<\/p>\n<\/div>","protected":false},"excerpt":{"rendered":"<p>[vc_row][vc_column width=&#8221;1\/12&#8243; offset=&#8221;vc_col-lg-2 vc_hidden-xs&#8221;][\/vc_column][vc_column width=&#8221;5\/6&#8243; offset=&#8221;vc_col-lg-8&#8243;][vc_column_text css=&#8221;&#8221;] To achieve excellence and improve our productivity and [&hellip;]<\/p>\n","protected":false},"author":8,"featured_media":199236,"parent":0,"menu_order":0,"comment_status":"closed","ping_status":"closed","template":"","meta":{"_acf_changed":false,"_seopress_robots_primary_cat":"","_seopress_titles_title":"Wipro Lauak 4.0 - WIPRO LAUAK","_seopress_titles_desc":"To achieve excellence and improve our productivity and competitiveness, we are transforming our organization by establishing a digital transformation hub centered on the WIPRO LAUAK 4.0 project.","_seopress_robots_index":"","inline_featured_image":false,"footnotes":""},"class_list":["post-3325","page","type-page","status-publish","has-post-thumbnail","hentry"],"acf":[],"_links":{"self":[{"href":"https:\/\/www.wiprolauak.com\/en\/wp-json\/wp\/v2\/pages\/3325","targetHints":{"allow":["GET"]}}],"collection":[{"href":"https:\/\/www.wiprolauak.com\/en\/wp-json\/wp\/v2\/pages"}],"about":[{"href":"https:\/\/www.wiprolauak.com\/en\/wp-json\/wp\/v2\/types\/page"}],"author":[{"embeddable":true,"href":"https:\/\/www.wiprolauak.com\/en\/wp-json\/wp\/v2\/users\/8"}],"replies":[{"embeddable":true,"href":"https:\/\/www.wiprolauak.com\/en\/wp-json\/wp\/v2\/comments?post=3325"}],"version-history":[{"count":41,"href":"https:\/\/www.wiprolauak.com\/en\/wp-json\/wp\/v2\/pages\/3325\/revisions"}],"predecessor-version":[{"id":200402,"href":"https:\/\/www.wiprolauak.com\/en\/wp-json\/wp\/v2\/pages\/3325\/revisions\/200402"}],"wp:featuredmedia":[{"embeddable":true,"href":"https:\/\/www.wiprolauak.com\/en\/wp-json\/wp\/v2\/media\/199236"}],"wp:attachment":[{"href":"https:\/\/www.wiprolauak.com\/en\/wp-json\/wp\/v2\/media?parent=3325"}],"curies":[{"name":"wp","href":"https:\/\/api.w.org\/{rel}","templated":true}]}}